{"id":2378,"date":"2023-08-10T11:37:59","date_gmt":"2023-08-10T14:37:59","guid":{"rendered":"https:\/\/salaviva.com.br\/site\/?page_id=2378"},"modified":"2023-08-10T12:03:44","modified_gmt":"2023-08-10T15:03:44","slug":"__trashed-2","status":"publish","type":"page","link":"https:\/\/salaviva.com.br\/site\/__trashed-2\/","title":{"rendered":"Edu Prompts"},"content":{"rendered":"<div class=\"bm-builder clearfix \"><div id=\"\" class=\"module col-12 module-id-1680108084244 bm-wrap row-top row-center bm-force-full bm-wrap-no-gap\" data-module-col=\"12\" data-change-color=\"off\" data-backcolor=\"transparent\" data-frontcolor=\"\" data-logocolor=\"\" data-goto-top=\"off\" data-goto-top-spacing=\"0\" data-goto-disable-m=\"off\" data-groupsameheight=\"off\"><div class=\"module-inside group-inside\" style=\"--cornerRadius:0px 0px 0px 0px ; --top-mod: 20px;--bottom-mod: 20px;--top-mod-t: 20px;--bottom-mod-t: 20px;--top-mod-m:100px;--bottom-mod-m:10px;\" ><div id=\"\" class=\"module col-12 module-id-1690471628620\" data-module-col=\"12\"><div class=\"module-inside text-inside\" style=\"--top-mod: 0px;--bottom-mod: 0px;--top-mod-t: 0px;--bottom-mod-t: 0px;--top-mod-m:0px;--bottom-mod-m:0px;\" ><div class=\"text_block_out\"  data-effect=\"mask\" style=\"\"><div class=\"text_block withbg background_image\"><div class=\"  bm-text-bgimg-mask\" style=\"\"><div class=\"text_block_inn\"><div id=\"text-1690471628620\" class=\"text_block_centered text_block_centered_enable_width\"  style=\"--text-mask-background-image:url(https:\/\/salaviva.com.br\/site\/wp-content\/uploads\/2023\/07\/0102-3.jpg)\"><h1 style=\"text-align: center;\"><span style=\"line-height: 1.1;\">Edu Prompts<\/span><\/h1><\/div><\/div><\/div><\/div><\/div><\/div><\/div><div id=\"\" class=\"module col-12 module-id-1685113293818\" data-module-col=\"12\"><div class=\"module-inside text-inside\" style=\"--top-mod: 0px;--bottom-mod: 0px;--top-mod-t: 0px;--bottom-mod-t: 0px;--top-mod-m:0px;--bottom-mod-m:0px;\" ><div class=\"text_block_out\"  data-effect=\"standard\" style=\"\"><div class=\"text_block ux-mod-nobg\"><div class=\"text_block_inn\"><div id=\"text-1685113293818\" class=\"text_block_centered text_block_centered_enable_width\"  style=\"\"><p><img loading=\"lazy\" decoding=\"async\" class=\"img-in-text alignright\" src=\"https:\/\/salaviva.com.br\/site\/wp-content\/uploads\/2023\/07\/edu-prompts.png\" alt=\"edu-prompts\" width=\"588\" height=\"429\" data-img_m_size=\"500\" data-img_t_size=\"500\">Bem-vindo professor(a)!<br><br><\/p>\n<p style=\"text-align: justify;\">Vivemos em uma era em que a tecnologia est\u00e1 redefinindo os limites da educa\u00e7\u00e3o. O ritmo acelerado de mudan\u00e7a exige que nos adaptemos continuamente, e os educadores t\u00eam um papel fundamental neste cen\u00e1rio. Acreditamos que a adapta\u00e7\u00e3o consciente \u00e0 tecnologia \u00e9 uma estrat\u00e9gia fundamental para aumentar a produtividade do professor e enriquecer a experi\u00eancia de aprendizagem dos alunos.<br><br><\/p>\n<p style=\"text-align: justify;\">Nesse sentido, apresentamos nosso Banco de Prompts para Professores. Esta \u00e9 uma ferramenta inovadora projetada para auxiliar os educadores no planejamento de aulas, economizando tempo e esfor\u00e7o valiosos, e permitindo que voc\u00ea se concentre no que mais importa: a intera\u00e7\u00e3o e o desenvolvimento dos seus alunos.<br><br><\/p>\n<p style=\"text-align: justify;\">Com uma gama diversificada de ideias, perguntas e atividades, nosso Banco de Prompts atende a todas as disciplinas e n\u00edveis de ensino. Ele n\u00e3o apenas complementa seu curr\u00edculo existente, mas tamb\u00e9m oferece oportunidades para explorar novos caminhos de aprendizado. Cada prompt foi criado com o objetivo de promover a curiosidade, o pensamento cr\u00edtico, a resolu\u00e7\u00e3o de problemas e a criatividade, habilidades essenciais na sociedade atual.<br><br><\/p>\n<p style=\"text-align: justify;\">Nosso banco \u00e9 um recurso intuitivo e f\u00e1cil de usar, adaptado \u00e0 era digital. Organizado por disciplinas e faixas et\u00e1rias, voc\u00ea pode rapidamente encontrar e selecionar os prompts mais adequados para suas aulas. \u00c9 uma tecnologia que trabalha a seu favor, facilitando seu trabalho e elevando a qualidade do ensino.<br><br><\/p>\n<p>Al\u00e9m disso, incentivamos a colabora\u00e7\u00e3o e a troca de ideias. Seus insights e sugest\u00f5es s\u00e3o preciosos para n\u00f3s, pois estamos empenhados em melhorar e expandir continuamente nossa cole\u00e7\u00e3o de prompts.<br><br><\/p>\n<p style=\"text-align: justify;\">Ao adotar nosso Banco de Prompts para Professores, voc\u00ea estar\u00e1 dando um passo importante na incorpora\u00e7\u00e3o de novas tecnologias no seu trabalho, ganhando em produtividade e contribuindo para a cria\u00e7\u00e3o de uma experi\u00eancia de aprendizado mais rica e engajadora para seus alunos.<br><br><\/p>\n<p style=\"text-align: justify;\">Obrigado por se juntar a n\u00f3s nesta jornada inovadora na educa\u00e7\u00e3o. Estamos ansiosos para ver as maravilhas que voc\u00ea ir\u00e1 realizar em sua sala de aula!<\/p><\/div><\/div><\/div><\/div><\/div><\/div><div id=\"\" class=\"module col-12 module-id-1686324859060\" data-module-col=\"12\"><div class=\"module-inside button-inside\" style=\"--top-mod: 30px;--bottom-mod: 30px;--top-mod-t: 30px;--bottom-mod-t: 30px;--top-mod-m:30px;--bottom-mod-m:30px;\" ><div class=\"btn-mod-wrap btn-1686324859060 btn-left btn-left-m ux-horizontal ux-btn-wrap-regular\" style=\"\"><a class=\"ux-btn ux-btn-a-0 ux-cb-btn-1686324859060_0 fadeInM \" style=\"font-family: Poppins, arial, helvetica, sans-serif; font-weight: normal; --fontsizeBtn: 16px;--fontsizeBtnT: 16px;--fontsizeBtnM: 14px;--lineHeightBtn: 1.5;--letterSpacingBtn: normal;\" href=\"https:\/\/salaviva.com.br\/site\/\" target=\"_self\" rel=\" \" ><span class=\"ux-btn-text-wrap\"><span class=\"ux-btn-text\">Cadastre-se para ter acesso<\/span><\/span><\/a><\/div><\/div><\/div><\/div><\/div><div id=\"\" class=\"module col-12 module-id-1680121696442\" data-module-col=\"12\"><div class=\"module-inside tabs-inside\" style=\"--top-mod: 0px;--bottom-mod: 0px;--top-mod-t: 0px;--bottom-mod-t: 0px;--top-mod-m:0px;--bottom-mod-m:0px;\" ><div class=\"sea-tabs tabs-1680121696442 tab-on-bottom icon-on-top tab-horizontal-m \"  style=\"--tabWidth:120px;--tabWidthM:80px;--tabHeight:90px;--tabHeightM:80px;--tabPadding:10px;--tabRadius:10px;--tabRadiusM:5px;--spacingTabItem:20px;--spacingTabs:20px;--spacingTabsM:20px;--widthTabicon:40px;--widthTabiconM:30px;--bgcolorTab:#f2f2f2;--bgcolorTabAct:#000000;--colorTabTit:#000000;--colorTabTitAct:#ffffff;\"><ul class=\"sea-nav\"><\/ul><div class=\"sea-tab-content\"><\/div><\/div><\/div><\/div><\/div>","protected":false},"excerpt":{"rendered":"<p>Edu PromptsBem-vindo professor(a)! Vivemos em uma era em que a &hellip;<\/p>\n","protected":false},"author":1,"featured_media":0,"parent":0,"menu_order":0,"comment_status":"closed","ping_status":"closed","template":"","meta":{"_acf_changed":false,"inline_featured_image":false,"footnotes":""},"class_list":["post-2378","page","type-page","status-publish","hentry"],"acf":[],"_links":{"self":[{"href":"https:\/\/salaviva.com.br\/site\/wp-json\/wp\/v2\/pages\/2378","targetHints":{"allow":["GET"]}}],"collection":[{"href":"https:\/\/salaviva.com.br\/site\/wp-json\/wp\/v2\/pages"}],"about":[{"href":"https:\/\/salaviva.com.br\/site\/wp-json\/wp\/v2\/types\/page"}],"author":[{"embeddable":true,"href":"https:\/\/salaviva.com.br\/site\/wp-json\/wp\/v2\/users\/1"}],"replies":[{"embeddable":true,"href":"https:\/\/salaviva.com.br\/site\/wp-json\/wp\/v2\/comments?post=2378"}],"version-history":[{"count":0,"href":"https:\/\/salaviva.com.br\/site\/wp-json\/wp\/v2\/pages\/2378\/revisions"}],"wp:attachment":[{"href":"https:\/\/salaviva.com.br\/site\/wp-json\/wp\/v2\/media?parent=2378"}],"curies":[{"name":"wp","href":"https:\/\/api.w.org\/{rel}","templated":true}]}}