{"id":2304,"date":"2023-08-09T16:19:03","date_gmt":"2023-08-09T19:19:03","guid":{"rendered":"https:\/\/salaviva.com.br\/site\/?page_id=2304"},"modified":"2023-08-09T16:19:04","modified_gmt":"2023-08-09T19:19:04","slug":"noticias","status":"publish","type":"page","link":"https:\/\/salaviva.com.br\/site\/noticias\/","title":{"rendered":"Not\u00edcias"},"content":{"rendered":"<div class=\"bm-builder clearfix \"><div id=\"\" class=\"module col-12 module-id-1691608802130 bm-wrap row-middle row-center\" data-module-col=\"12\" data-change-color=\"off\" data-backcolor=\"transparent\" data-frontcolor=\"\" data-logocolor=\"\" data-goto-top=\"off\" data-goto-top-spacing=\"0\" data-goto-disable-m=\"off\" data-groupsameheight=\"off\"><div class=\"module-inside group-inside\" style=\"--cornerRadius:0px 0px 0px 0px ; --top-mod: 0px;--bottom-mod: 0px;--top-mod-t: 0px;--bottom-mod-t: 0px;--top-mod-m:0px;--bottom-mod-m:0px;\" ><div id=\"\" class=\"module col-12 module-id-1691608802490\" data-module-col=\"12\"><div class=\"module-inside text-inside\" style=\"--top-mod: 0px;--bottom-mod: 0px;--top-mod-t: 0px;--bottom-mod-t: 0px;--top-mod-m:0px;--bottom-mod-m:0px;\" ><div class=\"text_block_out\"  data-effect=\"mask\" style=\"\"><div class=\"text_block withbg background_image\"><div class=\"  bm-text-bgimg-mask\" style=\"\"><div class=\"text_block_inn\"><div id=\"text-1691608802490\" class=\"text_block_centered text_block_centered_enable_width\"  style=\"--text-mask-background-image:url(https:\/\/salaviva.com.br\/site\/wp-content\/uploads\/2023\/08\/0102.jpg)\"><h1 style=\"text-align: center;\"><span style=\"line-height: 1.1;\">Not\u00edcias<\/span><\/h1><\/div><\/div><\/div><\/div><\/div><\/div><\/div><div id=\"\" class=\"module col-12 module-id-1691608753670\" data-module-col=\"12\"><div class=\"module-inside grid-inside\" style=\"--cornerRadius:0px 0px 0px 0px ; --top-mod: 0px;--bottom-mod: 0px;--top-mod-t: 0px;--bottom-mod-t: 0px;--top-mod-m:0px;--bottom-mod-m:0px;\" ><div class=\"container-masonry ux-portfolio-3col  ux-portfolio-full    \" data-ratio=\"\" data-col=\"3\" data-found=\"3\" data-number=\"20\" data-mod=\"grid\"><div class=\"masonry-list grid-list clearfix grid-list-1691608753670 grid-list-tit-shown   infiniti-scroll masonry-auto img-zoom-in  img-fitgird-position-middle  \" data-paged=\"2\" data-postid=\"2304\" data-max=\"1\" data-unique=\"1691608753670\" data-source=\"post\" data-spaceh=\"40\" data-spacev=\"60\" data-spaceh-m=\"20\" data-spacev-m=\"20\" data-col=\"3\" data-col-m=\"1\"><section class=\"grid-item sea-grid-item filter_noticias  \" data-postid=\"2269\" data-tit=\"Semeando sementes de aprendizado em conserva\u00e7\u00e3o no Water Rocks Summit\"><div class=\"grid-item-inside  \" ><div class=\"ux-lazyload-wrap \" style=\"padding-top: 61.857142857143%;\" ><a class=\"grid-item-mask-link\"   href=\"https:\/\/salaviva.com.br\/site\/semeando-sementes-de-aprendizado-em-conservacao-no-water-rocks-summit\/\" rel=\" \"><\/a><img decoding=\"async\" class=\"grid-item-img ux-background-img-1st lazy\" src=\"data:image\/gif;base64,R0lGODlhAQABAIAAAAAAAP\/\/\/yH5BAEAAAAALAAAAAABAAEAAAIBRAA7\" data-src=\"https:\/\/salaviva.com.br\/site\/wp-content\/uploads\/2023\/08\/Semeando-sementes-de-aprendizado-em-conservacao-no-Water-Rocks-Summit.jpg\"   alt=\"Semeando sementes de aprendizado em conserva\u00e7\u00e3o no Water Rocks Summit\"><\/div><div class=\"grid-blog grid-text-left standard-text-padding\"><span class=\"grid-item-cate\"><a href=\"https:\/\/salaviva.com.br\/site\/category\/noticias\/\" title=\"View all posts in Not\u00edcias\" class=\"grid-item-cate-a\">Not\u00edcias<\/a><\/span><h2 class=\"grid-item-tit \"><a href=\"https:\/\/salaviva.com.br\/site\/semeando-sementes-de-aprendizado-em-conservacao-no-water-rocks-summit\/\"  class=\"grid-item-tit-a\" title=\"Semeando sementes de aprendizado em conserva\u00e7\u00e3o no Water Rocks Summit\" rel=\" \">Semeando sementes de aprendizado em conserva\u00e7\u00e3o no Water Rocks Summit<\/a><\/h2><div class=\"grid-item-date\">9 de agosto de 2023<\/div><\/div><\/div><\/section><section class=\"grid-item sea-grid-item filter_noticias  \" data-postid=\"2262\" data-tit=\"Jogo de classe mundial equilibra aprendizado e divers\u00e3o\"><div class=\"grid-item-inside  \" ><div class=\"ux-lazyload-wrap \" style=\"padding-top: 61.857142857143%;\" ><a class=\"grid-item-mask-link\"   href=\"https:\/\/salaviva.com.br\/site\/jogo-de-classe-mundial-equilibra-aprendizado-e-diversao\/\" rel=\" \"><\/a><img decoding=\"async\" class=\"grid-item-img ux-background-img-1st lazy\" src=\"data:image\/gif;base64,R0lGODlhAQABAIAAAAAAAP\/\/\/yH5BAEAAAAALAAAAAABAAEAAAIBRAA7\" data-src=\"https:\/\/salaviva.com.br\/site\/wp-content\/uploads\/2023\/08\/Rock-Your.jpg\"   alt=\"Jogo de classe mundial equilibra aprendizado e divers\u00e3o\"><\/div><div class=\"grid-blog grid-text-left standard-text-padding\"><span class=\"grid-item-cate\"><a href=\"https:\/\/salaviva.com.br\/site\/category\/noticias\/\" title=\"View all posts in Not\u00edcias\" class=\"grid-item-cate-a\">Not\u00edcias<\/a><\/span><h2 class=\"grid-item-tit \"><a href=\"https:\/\/salaviva.com.br\/site\/jogo-de-classe-mundial-equilibra-aprendizado-e-diversao\/\"  class=\"grid-item-tit-a\" title=\"Jogo de classe mundial equilibra aprendizado e divers\u00e3o\" rel=\" \">Jogo de classe mundial equilibra aprendizado e divers\u00e3o<\/a><\/h2><div class=\"grid-item-date\">9 de agosto de 2023<\/div><\/div><\/div><\/section><section class=\"grid-item sea-grid-item filter_noticias  \" data-postid=\"2257\" data-tit=\"Como os jogos est\u00e3o ajudando a proteger nossos oceanos\"><div class=\"grid-item-inside  \" ><div class=\"ux-lazyload-wrap \" style=\"padding-top: 61.857142857143%;\" ><a class=\"grid-item-mask-link\"   href=\"https:\/\/salaviva.com.br\/site\/como-os-jogos-estao-ajudando-a-proteger-nossos-oceanos\/\" rel=\" \"><\/a><img decoding=\"async\" class=\"grid-item-img ux-background-img-1st lazy\" src=\"data:image\/gif;base64,R0lGODlhAQABAIAAAAAAAP\/\/\/yH5BAEAAAAALAAAAAABAAEAAAIBRAA7\" data-src=\"https:\/\/salaviva.com.br\/site\/wp-content\/uploads\/2023\/08\/Como-os-jogos-estao-ajudando-a-proteger-nossos-oceanos.webp\"   alt=\"Como os jogos est\u00e3o ajudando a proteger nossos oceanos\"><\/div><div class=\"grid-blog grid-text-left standard-text-padding\"><span class=\"grid-item-cate\"><a href=\"https:\/\/salaviva.com.br\/site\/category\/noticias\/\" title=\"View all posts in Not\u00edcias\" class=\"grid-item-cate-a\">Not\u00edcias<\/a><\/span><h2 class=\"grid-item-tit \"><a href=\"https:\/\/salaviva.com.br\/site\/como-os-jogos-estao-ajudando-a-proteger-nossos-oceanos\/\"  class=\"grid-item-tit-a\" title=\"Como os jogos est\u00e3o ajudando a proteger nossos oceanos\" rel=\" \">Como os jogos est\u00e3o ajudando a proteger nossos oceanos<\/a><\/h2><div class=\"grid-item-date\">9 de agosto de 2023<\/div><\/div><\/div><\/section><\/div><\/div><\/div><\/div><\/div><\/div><\/div>","protected":false},"excerpt":{"rendered":"<p>Not\u00edciasNot\u00edciasSemeando sementes de aprendizado em conserva\u00e7\u00e3o no Water Rocks Summit9 &hellip;<\/p>\n","protected":false},"author":1,"featured_media":0,"parent":0,"menu_order":0,"comment_status":"closed","ping_status":"closed","template":"","meta":{"_acf_changed":false,"inline_featured_image":false,"footnotes":""},"class_list":["post-2304","page","type-page","status-publish","hentry"],"acf":[],"_links":{"self":[{"href":"https:\/\/salaviva.com.br\/site\/wp-json\/wp\/v2\/pages\/2304","targetHints":{"allow":["GET"]}}],"collection":[{"href":"https:\/\/salaviva.com.br\/site\/wp-json\/wp\/v2\/pages"}],"about":[{"href":"https:\/\/salaviva.com.br\/site\/wp-json\/wp\/v2\/types\/page"}],"author":[{"embeddable":true,"href":"https:\/\/salaviva.com.br\/site\/wp-json\/wp\/v2\/users\/1"}],"replies":[{"embeddable":true,"href":"https:\/\/salaviva.com.br\/site\/wp-json\/wp\/v2\/comments?post=2304"}],"version-history":[{"count":0,"href":"https:\/\/salaviva.com.br\/site\/wp-json\/wp\/v2\/pages\/2304\/revisions"}],"wp:attachment":[{"href":"https:\/\/salaviva.com.br\/site\/wp-json\/wp\/v2\/media?parent=2304"}],"curies":[{"name":"wp","href":"https:\/\/api.w.org\/{rel}","templated":true}]}}