{"id":1213,"date":"2023-06-09T12:29:48","date_gmt":"2023-06-09T15:29:48","guid":{"rendered":"https:\/\/salaviva.com.br\/site\/?page_id=1213"},"modified":"2023-09-12T12:34:44","modified_gmt":"2023-09-12T15:34:44","slug":"estilo-de-aprendizagem","status":"publish","type":"page","link":"https:\/\/salaviva.com.br\/site\/estilo-de-aprendizagem\/","title":{"rendered":"Estilo de Aprendizagem"},"content":{"rendered":"<div class=\"bm-builder clearfix \"><div id=\"\" class=\"module col-12 module-id-1680121696442\" data-module-col=\"12\"><div class=\"module-inside tabs-inside\" style=\"--top-mod: 0px;--bottom-mod: 0px;--top-mod-t: 0px;--bottom-mod-t: 0px;--top-mod-m:0px;--bottom-mod-m:0px;\" ><div class=\"sea-tabs tabs-1680121696442 tab-on-bottom icon-on-top tab-horizontal-m \"  style=\"--tabWidth:120px;--tabWidthM:80px;--tabHeight:90px;--tabHeightM:80px;--tabPadding:10px;--tabRadius:10px;--tabRadiusM:5px;--spacingTabItem:20px;--spacingTabs:20px;--spacingTabsM:20px;--widthTabicon:40px;--widthTabiconM:30px;--bgcolorTab:#f2f2f2;--bgcolorTabAct:#000000;--colorTabTit:#000000;--colorTabTitAct:#ffffff;\"><ul class=\"sea-nav\"><\/ul><div class=\"sea-tab-content\"><\/div><\/div><\/div><\/div><div id=\"\" class=\"module col-12 module-id-1687873845605V-VEr bm-wrap row-middle row-center bm-force-full bm-wrap-no-gap\" data-module-col=\"12\" data-change-color=\"off\" data-backcolor=\"transparent\" data-frontcolor=\"\" data-logocolor=\"\" data-goto-top=\"off\" data-goto-top-spacing=\"0\" data-goto-disable-m=\"off\" data-groupsameheight=\"off\"><div class=\"module-inside group-inside\" style=\"--cornerRadius:0px 0px 0px 0px ; --top-mod: 20px;--bottom-mod: 20px;--top-mod-t: 20px;--bottom-mod-t: 20px;--top-mod-m:100px;--bottom-mod-m:10px;\" ><div id=\"\" class=\"module col-12 module-id-1690471798307\" data-module-col=\"12\"><div class=\"module-inside text-inside\" style=\"--top-mod: 0px;--bottom-mod: 0px;--top-mod-t: 0px;--bottom-mod-t: 0px;--top-mod-m:0px;--bottom-mod-m:0px;\" ><div class=\"text_block_out\"  data-effect=\"mask\" style=\"\"><div class=\"text_block withbg background_image\"><div class=\"  bm-text-bgimg-mask\" style=\"\"><div class=\"text_block_inn\"><div id=\"text-1690471798307\" class=\"text_block_centered text_block_centered_enable_width\"  style=\"--text-mask-background-image:url(https:\/\/salaviva.com.br\/site\/wp-content\/uploads\/2023\/07\/0102-4.jpg)\"><h1 style=\"text-align: center;\"><span style=\"line-height: 1.1;\">Estilo de Aprendizagem<\/span><\/h1><\/div><\/div><\/div><\/div><\/div><\/div><\/div><div id=\"\" class=\"module col-12 module-id-1687873846721TaXAi\" data-module-col=\"12\"><div class=\"module-inside text-inside\" style=\"--top-mod: 0px;--bottom-mod: 0px;--top-mod-t: 0px;--bottom-mod-t: 0px;--top-mod-m:0px;--bottom-mod-m:0px;\" ><div class=\"text_block_out\"  data-effect=\"standard\" style=\"\"><div class=\"text_block ux-mod-nobg\"><div class=\"text_block_inn\"><div id=\"text-1687873846721TaXAi\" class=\"text_block_centered text_block_centered_enable_width\"  style=\"\"><p style=\"text-align: justify;\"><img loading=\"lazy\" decoding=\"async\" class=\"img-in-text alignleft\" src=\"https:\/\/salaviva.com.br\/site\/wp-content\/uploads\/2023\/07\/estilo-de-aprendizagem.png\" alt=\"estilo-de-aprendizagem\" width=\"644\" height=\"380\" data-img_m_size=\"500\" data-img_t_size=\"500\">Cada um de n\u00f3s tem uma maneira \u00fanica de aprender e entender o seu estilo individual pode trazer uma grande melhoria na forma como voc\u00ea absorve e processa informa\u00e7\u00f5es. \u00c9 por isso que oferecemos uma ferramenta gratuita de autoan\u00e1lise com base no modelo de estilos de aprendizagem de&nbsp;<strong>Felder-Silverman<\/strong>, um modelo aberto e bem estabelecido no campo da educa\u00e7\u00e3o.<br><br><\/p>\n<p style=\"text-align: justify;\">Entenda o seu estilo de aprendizagem e ajuste sua abordagem ao estudo. Compreenda novos conceitos mais rapidamente e aumente sua reten\u00e7\u00e3o de informa\u00e7\u00f5es.<br><br><\/p>\n<p style=\"text-align: justify;\">As percep\u00e7\u00f5es da autoan\u00e1lise podem melhorar a sua autoconsci\u00eancia e crescimento pessoal. N\u00e3o se trata apenas de aprendizagem acad\u00eamica ou profissional, \u00e9 sobre entender-se melhor.<br><br><\/p>\n<p style=\"text-align: justify;\">Com insights sobre o seu estilo de aprendizagem, voc\u00ea pode estruturar seu trabalho ou tempo de estudo para ser mais produtivo. Voc\u00ea passar\u00e1 menos tempo lutando com informa\u00e7\u00f5es que n\u00e3o se fixam e mais tempo progredindo.<br><br><\/p>\n<p style=\"text-align: justify;\">Se voc\u00ea est\u00e1 buscando desenvolvimento profissional ou aprendendo novas habilidades para o trabalho, entender o seu estilo de aprendizagem pode ajud\u00e1-lo a escolher os programas ou recursos de treinamento mais eficazes.<br><br><\/p>\n<p style=\"text-align: justify;\">Ap\u00f3s concluir a autoan\u00e1lise, enviaremos um relat\u00f3rio detalhado dos seus resultados, totalmente gratuito. Este relat\u00f3rio fornecer\u00e1 insights sobre o seu estilo pessoal de aprendizagem, incluindo dicas pr\u00e1ticas sobre como alavancar seus pontos fortes e navegar por quaisquer desafios de aprendizagem que voc\u00ea possa enfrentar.<br><br><\/p>\n<p style=\"text-align: justify;\">N\u00e3o perca esta oportunidade de liberar todo o seu potencial de aprendizagem. Reserve alguns minutos para concluir a autoan\u00e1lise agora. \u00c9 um pequeno investimento de tempo que poder\u00e1 gerar grandes benef\u00edcios para a sua jornada de aprendizagem.<\/p><\/div><\/div><\/div><\/div><\/div><\/div><div id=\"\" class=\"module col-12 module-id-1687873846725uTigG\" data-module-col=\"12\"><div class=\"module-inside button-inside\" style=\"--top-mod: 30px;--bottom-mod: 30px;--top-mod-t: 30px;--bottom-mod-t: 30px;--top-mod-m:30px;--bottom-mod-m:30px;\" ><div class=\"btn-mod-wrap btn-1687873846725uTigG btn-left btn-left-m ux-horizontal ux-btn-wrap-regular\" style=\"\"><a class=\"ux-btn ux-btn-a-0 ux-cb-btn-1687873846725uTigG_0 fadeInM \" style=\"font-family: Poppins, arial, helvetica, sans-serif; font-weight: normal; --fontsizeBtn: 16px;--fontsizeBtnT: 16px;--fontsizeBtnM: 14px;--lineHeightBtn: 1.5;--letterSpacingBtn: normal;\" href=\"https:\/\/salaviva.com.br\/site\/questionario-indice-de-estilos-de-aprendizagem\/\" target=\"_self\" rel=\" \" ><span class=\"ux-btn-text-wrap\"><span class=\"ux-btn-text\">Cadastre-se para ter acesso<\/span><\/span><\/a><\/div><\/div><\/div><\/div><\/div><div id=\"\" class=\"module col-12 module-id-1680113221119 bm-wrap row-top row-left bm-wrap-height-auto\" data-module-col=\"12\" data-change-color=\"off\" data-backcolor=\"transparent\" data-frontcolor=\"\" data-logocolor=\"\" data-goto-top=\"off\" data-goto-top-spacing=\"0\" data-goto-disable-m=\"off\" data-groupsameheight=\"off\"><div class=\"module-inside group-inside\" style=\"--top-mod: 0px;--bottom-mod: 0px;--top-mod-t: 0px;--bottom-mod-t: 0px;--top-mod-m:0px;--bottom-mod-m:0px;\" ><\/div><\/div><\/div>","protected":false},"excerpt":{"rendered":"<p>Estilo de AprendizagemCada um de n\u00f3s tem uma maneira \u00fanica &hellip;<\/p>\n","protected":false},"author":1,"featured_media":0,"parent":0,"menu_order":0,"comment_status":"closed","ping_status":"closed","template":"","meta":{"_acf_changed":false,"inline_featured_image":false,"footnotes":""},"class_list":["post-1213","page","type-page","status-publish","hentry"],"acf":[],"_links":{"self":[{"href":"https:\/\/salaviva.com.br\/site\/wp-json\/wp\/v2\/pages\/1213","targetHints":{"allow":["GET"]}}],"collection":[{"href":"https:\/\/salaviva.com.br\/site\/wp-json\/wp\/v2\/pages"}],"about":[{"href":"https:\/\/salaviva.com.br\/site\/wp-json\/wp\/v2\/types\/page"}],"author":[{"embeddable":true,"href":"https:\/\/salaviva.com.br\/site\/wp-json\/wp\/v2\/users\/1"}],"replies":[{"embeddable":true,"href":"https:\/\/salaviva.com.br\/site\/wp-json\/wp\/v2\/comments?post=1213"}],"version-history":[{"count":0,"href":"https:\/\/salaviva.com.br\/site\/wp-json\/wp\/v2\/pages\/1213\/revisions"}],"wp:attachment":[{"href":"https:\/\/salaviva.com.br\/site\/wp-json\/wp\/v2\/media?parent=1213"}],"curies":[{"name":"wp","href":"https:\/\/api.w.org\/{rel}","templated":true}]}}