{"id":1194,"date":"2023-04-14T12:07:43","date_gmt":"2023-04-14T15:07:43","guid":{"rendered":"https:\/\/salaviva.com.br\/site\/?page_id=1194"},"modified":"2023-10-12T07:47:32","modified_gmt":"2023-10-12T10:47:32","slug":"empresa","status":"publish","type":"page","link":"https:\/\/salaviva.com.br\/site\/empresa\/","title":{"rendered":"Empresa"},"content":{"rendered":"<div class=\"bm-builder clearfix \"><div id=\"\" class=\"module col-12 module-id-1680108084244 bm-wrap row-top row-center bm-force-full bm-wrap-no-gap\" data-module-col=\"12\" data-change-color=\"off\" data-backcolor=\"transparent\" data-frontcolor=\"\" data-logocolor=\"\" data-goto-top=\"off\" data-goto-top-spacing=\"0\" data-goto-disable-m=\"off\" data-groupsameheight=\"off\"><div class=\"module-inside group-inside\" style=\"--cornerRadius:0px 0px 0px 0px ; --top-mod: 20px;--bottom-mod: 20px;--top-mod-t: 20px;--bottom-mod-t: 20px;--top-mod-m:100px;--bottom-mod-m:10px;\" ><div id=\"\" class=\"module col-12 module-id-1690471271947\" data-module-col=\"12\"><div class=\"module-inside text-inside\" style=\"--top-mod: 0px;--bottom-mod: 0px;--top-mod-t: 0px;--bottom-mod-t: 0px;--top-mod-m:0px;--bottom-mod-m:0px;\" ><div class=\"text_block_out\"  data-effect=\"mask\" style=\"\"><div class=\"text_block withbg background_image\"><div class=\"  bm-text-bgimg-mask\" style=\"\"><div class=\"text_block_inn\"><div id=\"text-1690471271947\" class=\"text_block_centered text_block_centered_enable_width\"  style=\"--text-mask-background-image:url(https:\/\/salaviva.com.br\/site\/wp-content\/uploads\/2023\/07\/0102.jpg)\"><h1 style=\"text-align: center;\"><span style=\"line-height: 1.1;\">Empresa<\/span><\/h1><\/div><\/div><\/div><\/div><\/div><\/div><\/div><div id=\"\" class=\"module col-12 module-id-1685113293818\" data-module-col=\"12\"><div class=\"module-inside text-inside\" style=\"--top-mod: 0px;--bottom-mod: 0px;--top-mod-t: 0px;--bottom-mod-t: 0px;--top-mod-m:0px;--bottom-mod-m:0px;\" ><div class=\"text_block_out\"  data-effect=\"standard\" style=\"\"><div class=\"text_block ux-mod-nobg\"><div class=\"text_block_inn\"><div id=\"text-1685113293818\" class=\"text_block_centered text_block_centered_enable_width\"  style=\"\"><p>Na salaVIVA, transformamos o ambiente de aprendizagem em uma jornada vivencial. Nosso compromisso \u00e9 proporcionar uma experi\u00eancia educacional centrada no participante, onde cada momento em sala se torna uma viv\u00eancia com significado, permitindo que professores e estudantes conectem pr\u00e1tica e teoria, a\u00e7\u00e3o e reflex\u00e3o de maneira integrada para seus desenvolvimentos.<\/p><\/div><\/div><\/div><\/div><\/div><\/div><div id=\"\" class=\"module col-12 module-id-1686322530299\" data-module-col=\"12\"><div class=\"module-inside accordion-inside\" style=\"--top-mod: 30px;--bottom-mod: 0px;--top-mod-t: 30px;--bottom-mod-t: 0px;--top-mod-m:30px;--bottom-mod-m:0px;\" ><div class=\"sea-accordion\" data-acc-id=\"acc-1686322530299\" style=\"--fontsizeAccTit: 16px;--fontsizeAccTitT: 16px;--fontsizeAccTitM: 14px;--lineHeightAccTit: 1.5;--letterSpacingAccTit: normal;\"><div class=\"sea-accordion-item\" ><h2 class=\"accordion-tit\"><button class=\"accordion-btn\" type=\"button\" style=\"\">Objetivos<\/button><\/h2><div class=\"accordion-con\">\r\n\t\t \t\t\t\t<div class=\"accordion-in\"> \r\n\t\t \t\t\t\t<p style=\"text-align: justify\"><strong>Aprimorar o tempo em sala de aula:<\/strong> A salaVIVA acredita que o tempo em sala de aula \u00e9 valioso e escasso, e deve ser utilizado com o que mais importa. Buscamos evitar as \"Aulas Youtube\", incentivando a ado\u00e7\u00e3o de m\u00e9todos ativos de ensino que permitam aos estudantes aprender de forma mais significativa e envolvente, aproveitando ao m\u00e1ximo o tempo em que todos est\u00e3o fisicamente juntos.<\/p>\n<p style=\"text-align: justify\"><strong>Promover a Dimens\u00e3o Afetiva:<\/strong> Reconhecemos a import\u00e2ncia da inclus\u00e3o dos objetivos de aprendizagem da Dimens\u00e3o Afetiva, conforme estabelecido na taxonomia de Bloom. Buscamos valorizar atitudes, valores e emo\u00e7\u00f5es no processo de ensino-aprendizagem, equilibrando-os com os objetivos cognitivos. Ao fazer isso, visamos criar experi\u00eancias de aprendizado mais ricas e completas para os estudantes.<\/p>\n<p style=\"text-align: justify\"><strong>Capacitar docentes no uso de jogos como ferramenta de ensino:<\/strong> A salaVIVA entende que muitos professores n\u00e3o foram adequadamente capacitados para utilizar jogos como ferramenta pedag\u00f3gica. Nosso objetivo \u00e9 oferecer orienta\u00e7\u00f5es e recursos que auxiliem os docentes na incorpora\u00e7\u00e3o de jogos em suas pr\u00e1ticas de ensino, garantindo que as viv\u00eancias sejam n\u00e3o s\u00f3 divertidas, mas tamb\u00e9m efetivas no alcance dos objetivos de aprendizagem.<\/p>\n<p style=\"text-align: justify\"><strong>Fomentar a colabora\u00e7\u00e3o e o trabalho em equipe:<\/strong> Acreditamos que o trabalho em equipe e a colabora\u00e7\u00e3o s\u00e3o habilidades essenciais para o sucesso no mundo atual. Nosso objetivo \u00e9 promover atividades e experi\u00eancias que estimulem a coopera\u00e7\u00e3o entre os estudantes, incentivando-os a desenvolver habilidades interpessoais e de resolu\u00e7\u00e3o de problemas.<\/p>\n<p style=\"text-align: justify\"><strong>Incentivar a aprendizagem aut\u00f4noma e o pensamento cr\u00edtico:<\/strong> A salaVIVA busca estimular a autonomia e a responsabilidade dos estudantes no processo de aprendizagem. Nosso objetivo \u00e9 oferecer oportunidades para que os estudantes desenvolvam habilidades de pensamento cr\u00edtico e reflex\u00e3o, tornando-se aprendizes independentes e capazes de enfrentar desafios no futuro.<\/p>\n<p style=\"text-align: justify\">Ao perseguir esses objetivos, a salaVIVA se compromete em fornecer uma abordagem educacional inovadora e eficaz, buscando aprimorar constantemente as pr\u00e1ticas pedag\u00f3gicas e oferecer suporte tanto aos estudantes quanto aos docentes.<\/p>\r\n      \t\t\t\t\t<\/div>\r\n    \t\t\t\t <\/div><\/div><div class=\"sea-accordion-item\" ><h2 class=\"accordion-tit\"><button class=\"accordion-btn\" type=\"button\" style=\"\">Hist\u00f3ria<\/button><\/h2><div class=\"accordion-con\">\r\n\t\t \t\t\t\t<div class=\"accordion-in\"> \r\n\t\t \t\t\t\t<p>O ano era 2000. A onda do empreendedorismo digital inundava o mundo e quatro jovens engenheiros, inspirados em criar algo significativo, decidiram embarcar em uma jornada: fundar a salaVIVA.<\/p>\n<p>O sonho era ousado para a \u00e9poca: uma rede social para universit\u00e1rios. Motivados pelo bom desempenho na competi\u00e7\u00e3o de planos de neg\u00f3cios organizada E-Cobra (Banco Itau, Intel, Itautec, McKinsey, BOL e UOL), acreditavam que podiam transformar esse projeto em realidade. Mas como em todo processo de aprendizado, obst\u00e1culos surgiram. A bolha da internet estourou e o cen\u00e1rio de investimentos ficou adverso. A capta\u00e7\u00e3o de recursos, comprometida. O plano inicial naufragou, mas a determina\u00e7\u00e3o dos empreendedores permaneceu.<\/p>\n<p>Precisavam reformular a rota. Decidiram, ent\u00e3o, partir para um sistema de apoio ao ensino presencial, o salaVIVA-SEP. A empreitada, por\u00e9m, tamb\u00e9m n\u00e3o decolou. Apesar da frustra\u00e7\u00e3o, o esp\u00edrito inovador dos fundadores n\u00e3o se rendeu. Enquanto isso, trilhavam um novo caminho: o inspirador mundo dos jogos educativos. Adaptaram o Politron, um jogo de gest\u00e3o industrial, para a web. Foi um desafio e tanto, j\u00e1 que a internet engatinhava. Ensinar por meio de jogos online era algo totalmente disruptivo na \u00e9poca.<\/p>\n<p>Em 2001, os ventos sopraram a favor. A salaVIVA foi selecionada para a prestigiosa incubadora da USP, o CIETEC. Um marco que trouxe novo f\u00f4lego ao time. No ano seguinte, uma parceria crucial foi firmada. Passaram a fornecer o Politron para a Funda\u00e7\u00e3o Vanzolini, permitindo que centenas de alunos experimentassem o aprendizado vivencial baseado em jogos e simula\u00e7\u00f5es. E as ondas de inova\u00e7\u00e3o continuaram. Em 2003, criaram a \"Trilha Gantt\", treinamento que transformava gestores em protagonistas de situa\u00e7\u00f5es reais de projetos. Uma imers\u00e3o que desenvolvia habilidades conceituais, comportamentais e de trabalho em equipe numa trilha de regularidade em ambiente de intenso contato com a natureza.<\/p>\n<p>Em 2006, a empresa come\u00e7ou sua trilha internacional e trabalhar com jogos de importantes universidades norte americanas, inicialmente o Benihana de Harvard, voltado para a gest\u00e3o de opera\u00e7\u00f5es de servi\u00e7os. E mais tarde, em 2013, adicionou ao seu portf\u00f3lio o jogo de gest\u00e3o de recursos renov\u00e1veis, Fishbanks, nas vers\u00f5es do System Dynamics Society para computador e do MIT Sloan para web.<\/p>\n<p>A busca por aprimoramento n\u00e3o cessou. Em 2015, adaptaram o Politron ao Moodle. E em 2020, o automatizaram para uso aut\u00f4nomo por outras institui\u00e7\u00f5es. No mesmo ano, mergulharam em novas \u00e1guas com o lan\u00e7amento do primeiro jogo de tabuleiro da salaVIVA, o SELL.fish, que \u00e9 voltado para \u00e0rea de sustentabilidade. Em 2022, ainda na \u00e1rea de sustentabilidade assumiram um prop\u00f3sito ousado: ajudar no enfrentamento das mudan\u00e7as clim\u00e1ticas. Incorporaram o 2Tonnes e o Climate Fresk, treinamentos franceses sobre o tema.<\/p>\n<p>Ao longo de mais de duas d\u00e9cadas, a salaVIVA trilha uma jornada rica em aprendizados. Experimentou caminhos, enfrentou obst\u00e1culos, levantou-se ap\u00f3s quedas e sempre buscou inovar. Essa trajet\u00f3ria moldou sua ess\u00eancia: a cren\u00e7a no poder transformador da aprendizagem pela experi\u00eancia. A certeza de que, quando provocadas por desafios engajadores, pessoas e organiza\u00e7\u00f5es revelam seu maior potencial.<\/p>\n<p>Novos cap\u00edtulos podem ser escritos por todos que compartilham a paix\u00e3o por explorar novos territ\u00f3rios do aprendizado. Junte-se a n\u00f3s nesta jornada sem fim, onde a pr\u00f3xima trilha ainda est\u00e1 por vir.<\/p>\r\n      \t\t\t\t\t<\/div>\r\n    \t\t\t\t <\/div><\/div><\/div><\/div><\/div><div id=\"\" class=\"module col-12 module-id-1687871755730\" data-module-col=\"12\"><div class=\"module-inside single-image-inside\" style=\"--cornerRadius:0px 0px 0px 0px ; --top-mod: 0px;--bottom-mod: 0px;--top-mod-t: 0px;--bottom-mod-t: 0px;--top-mod-m:0px;--bottom-mod-m:0px;\" ><div class=\"single-image-out  \"  ><figure class=\"single-image   single-image-full   \" no><div class=\"ux-hover-wrap anima-wrap\" style=\"padding-top: 36.81652490887%;\"><span class=\"ux-hover-wrap-a\"><img loading=\"lazy\" decoding=\"async\" alt=\"empresa\" class=\"single-image-img img1st lazy \" src=\"data:image\/gif;base64,R0lGODlhAQABAIAAAAAAAP\/\/\/yH5BAEAAAAALAAAAAABAAEAAAIBRAA7\" data-src=\"https:\/\/salaviva.com.br\/site\/wp-content\/uploads\/2023\/07\/empresa.png\"   width=\"823\" height=\"303\" \/><\/span><\/div><\/figure><\/div><\/div><\/div><\/div><\/div><div id=\"\" class=\"module col-12 module-id-1680113221119 bm-wrap row-top row-left bm-wrap-height-auto\" data-module-col=\"12\" data-change-color=\"off\" data-backcolor=\"transparent\" data-frontcolor=\"\" data-logocolor=\"\" data-goto-top=\"off\" data-goto-top-spacing=\"0\" data-goto-disable-m=\"off\" data-groupsameheight=\"off\"><div class=\"module-inside group-inside\" style=\"--top-mod: 0px;--bottom-mod: 0px;--top-mod-t: 0px;--bottom-mod-t: 0px;--top-mod-m:0px;--bottom-mod-m:0px;\" ><\/div><\/div><div id=\"\" class=\"module col-12 module-id-1680121696442\" data-module-col=\"12\"><div class=\"module-inside tabs-inside\" style=\"--top-mod: 0px;--bottom-mod: 0px;--top-mod-t: 0px;--bottom-mod-t: 0px;--top-mod-m:0px;--bottom-mod-m:0px;\" ><div class=\"sea-tabs tabs-1680121696442 tab-on-bottom icon-on-top tab-horizontal-m \"  style=\"--tabWidth:120px;--tabWidthM:80px;--tabHeight:90px;--tabHeightM:80px;--tabPadding:10px;--tabRadius:10px;--tabRadiusM:5px;--spacingTabItem:20px;--spacingTabs:20px;--spacingTabsM:20px;--widthTabicon:40px;--widthTabiconM:30px;--bgcolorTab:#f2f2f2;--bgcolorTabAct:#000000;--colorTabTit:#000000;--colorTabTitAct:#ffffff;\"><ul class=\"sea-nav\"><\/ul><div class=\"sea-tab-content\"><\/div><\/div><\/div><\/div><\/div>","protected":false},"excerpt":{"rendered":"<p>EmpresaNa salaVIVA, transformamos o ambiente de aprendizagem em uma jornada &hellip;<\/p>\n","protected":false},"author":1,"featured_media":0,"parent":0,"menu_order":0,"comment_status":"closed","ping_status":"closed","template":"","meta":{"_acf_changed":false,"inline_featured_image":false,"footnotes":""},"class_list":["post-1194","page","type-page","status-publish","hentry"],"acf":[],"_links":{"self":[{"href":"https:\/\/salaviva.com.br\/site\/wp-json\/wp\/v2\/pages\/1194","targetHints":{"allow":["GET"]}}],"collection":[{"href":"https:\/\/salaviva.com.br\/site\/wp-json\/wp\/v2\/pages"}],"about":[{"href":"https:\/\/salaviva.com.br\/site\/wp-json\/wp\/v2\/types\/page"}],"author":[{"embeddable":true,"href":"https:\/\/salaviva.com.br\/site\/wp-json\/wp\/v2\/users\/1"}],"replies":[{"embeddable":true,"href":"https:\/\/salaviva.com.br\/site\/wp-json\/wp\/v2\/comments?post=1194"}],"version-history":[{"count":1,"href":"https:\/\/salaviva.com.br\/site\/wp-json\/wp\/v2\/pages\/1194\/revisions"}],"predecessor-version":[{"id":2695,"href":"https:\/\/salaviva.com.br\/site\/wp-json\/wp\/v2\/pages\/1194\/revisions\/2695"}],"wp:attachment":[{"href":"https:\/\/salaviva.com.br\/site\/wp-json\/wp\/v2\/media?parent=1194"}],"curies":[{"name":"wp","href":"https:\/\/api.w.org\/{rel}","templated":true}]}}